{"id":75,"date":"2021-10-18T13:53:40","date_gmt":"2021-10-18T17:53:40","guid":{"rendered":"https:\/\/sjrcpa.ca\/?page_id=75"},"modified":"2021-10-19T15:34:13","modified_gmt":"2021-10-19T19:34:13","slug":"services-administratifs","status":"publish","type":"page","link":"https:\/\/sjrcpa.ca\/index.php\/services-administratifs\/","title":{"rendered":"Autres services"},"content":{"rendered":"<p>[et_pb_section fb_built=\u00a0\u00bb1&Prime; module_id=\u00a0\u00bbimpot\u00a0\u00bb _builder_version=\u00a0\u00bb4.11.3&Prime; _module_preset=\u00a0\u00bbdefault\u00a0\u00bb background_color=\u00a0\u00bbrgba(0,0,0,0.07)\u00a0\u00bb min_height=\u00a0\u00bb1147.8px\u00a0\u00bb custom_margin=\u00a0\u00bb0px||0px||false|false\u00a0\u00bb custom_padding=\u00a0\u00bb96px|||||\u00a0\u00bb top_divider_style=\u00a0\u00bbwave2&Prime; top_divider_color=\u00a0\u00bb#731113&Prime; top_divider_flip=\u00a0\u00bbhorizontal\u00a0\u00bb bottom_divider_style=\u00a0\u00bbcurve2&Prime; bottom_divider_color=\u00a0\u00bb#731113&Prime; global_colors_info=\u00a0\u00bb{}\u00a0\u00bb][et_pb_row column_structure=\u00a0\u00bb1_2,1_2&Prime; _builder_version=\u00a0\u00bb4.11.3&Prime; _module_preset=\u00a0\u00bbdefault\u00a0\u00bb global_colors_info=\u00a0\u00bb{}\u00a0\u00bb][et_pb_column type=\u00a0\u00bb1_2&Prime; _builder_version=\u00a0\u00bb4.11.3&Prime; _module_preset=\u00a0\u00bbdefault\u00a0\u00bb border_width_right=\u00a0\u00bb2px\u00a0\u00bb border_color_right=\u00a0\u00bbRGBA(0,0,0,0)\u00a0\u00bb border_color_all_tablet=\u00a0\u00bbRGBA(0,0,0,0)\u00a0\u00bb border_color_all_phone=\u00a0\u00bb\u00a0\u00bb border_color_all_last_edited=\u00a0\u00bbon|desktop\u00a0\u00bb border_color_right_tablet=\u00a0\u00bbRGBA(0,0,0,0)\u00a0\u00bb border_color_right_phone=\u00a0\u00bb\u00a0\u00bb border_color_right_last_edited=\u00a0\u00bbon|phone\u00a0\u00bb global_colors_info=\u00a0\u00bb{}\u00a0\u00bb][et_pb_text _builder_version=\u00a0\u00bb4.11.3&Prime; _module_preset=\u00a0\u00bbdefault\u00a0\u00bb header_text_color=\u00a0\u00bb#43A0D9&Prime; custom_margin=\u00a0\u00bb|20px||20px|false|false\u00a0\u00bb animation_style=\u00a0\u00bbslide\u00a0\u00bb animation_direction=\u00a0\u00bbleft\u00a0\u00bb global_colors_info=\u00a0\u00bb{}\u00a0\u00bb]<\/p>\n<h1>Nos services techniques et administratifs<\/h1>\n<p>&nbsp;<\/p>\n<h2>Service \u00ab\u00a0cl\u00e9 en main\u00a0\u00bb<\/h2>\n<ul>\n<li>Mise sur pied d\u2019un plan comptables adapt\u00e9 \u00e0 votre situation,<\/li>\n<li>Tenue des livres informatis\u00e9e<\/li>\n<li>Suivis mensuels, trimestriels ou annuels<\/li>\n<li>Calcul et pr\u00e9paration de vos rapports de taxes \u00e0 la consommation<\/li>\n<li>Feuillets fiscaux et sommaires (T4, Rel 1, T5, Rel 3, etc.)<\/li>\n<li>Suivis avec les instances gouvernementales (CNESST, Revenu Canada, Revenu Qu\u00e9bec, etc.)<\/li>\n<li>Suivis avec les instances paragouvernementales (CCQ, Comit\u00e9 paritaire, etc.)<\/li>\n<li>Toutes autres t\u00e2ches administratives connexes.<\/li>\n<\/ul>\n<p>[\/et_pb_text][et_pb_image src=\u00a0\u00bbhttps:\/\/sjrcpa.ca\/wp-content\/uploads\/2021\/10\/ordinateur.jpg\u00a0\u00bb title_text=\u00a0\u00bbordinateur\u00a0\u00bb align=\u00a0\u00bbcenter\u00a0\u00bb _builder_version=\u00a0\u00bb4.11.3&Prime; _module_preset=\u00a0\u00bbdefault\u00a0\u00bb animation_style=\u00a0\u00bbfade\u00a0\u00bb global_colors_info=\u00a0\u00bb{}\u00a0\u00bb][\/et_pb_image][et_pb_text _builder_version=\u00a0\u00bb4.11.3&Prime; _module_preset=\u00a0\u00bbdefault\u00a0\u00bb global_colors_info=\u00a0\u00bb{}\u00a0\u00bb]<\/p>\n<h2>Service \u00ab\u00a0\u00e0 la carte\u00a0\u00bb<\/h2>\n<p>Nous comprenons la n\u00e9cessit\u00e9 qu\u2019ont certains entrepreneurs de r\u00e9duire les co\u00fbts.\u00a0 C\u2019est pourquoi nous offrons un service \u00ab\u00a0\u00e0 la carte\u00a0\u00bb pour encadrer le travail effectu\u00e9.<\/p>\n<p>Une tenue de livres pr\u00e9cise et \u00e0 jour ainsi que des activit\u00e9s bien document\u00e9es\u00a0vous aideront \u00e0 prendre rapidement des d\u00e9cisions efficaces. Vous\u00a0serez \u00e9galement en mesure de r\u00e9pondre avec diligence et pr\u00e9cision aux multiples exigences des banques, de vos partenaires d\u2019affaires et des gouvernements.<\/p>\n<p>[\/et_pb_text][\/et_pb_column][et_pb_column type=\u00a0\u00bb1_2&Prime; _builder_version=\u00a0\u00bb4.11.2&Prime; _module_preset=\u00a0\u00bbdefault\u00a0\u00bb global_colors_info=\u00a0\u00bb{}\u00a0\u00bb][et_pb_text _builder_version=\u00a0\u00bb4.11.3&Prime; _module_preset=\u00a0\u00bbdefault\u00a0\u00bb header_text_color=\u00a0\u00bb#43A0D9&Prime; custom_margin=\u00a0\u00bb|20px||20px|false|false\u00a0\u00bb animation_style=\u00a0\u00bbslide\u00a0\u00bb animation_direction=\u00a0\u00bbright\u00a0\u00bb global_colors_info=\u00a0\u00bb{}\u00a0\u00bb]<\/p>\n<h1>Nos services professionnels<\/h1>\n<p>&nbsp;<\/p>\n<h2>\u00c9tats financiers<\/h2>\n<ul>\n<li>Pr\u00e9paration des \u00e9tats financiers<\/li>\n<li>Audit<\/li>\n<li>Examen<\/li>\n<li>Avis aux lecteurs (mission de compilation)<\/li>\n<\/ul>\n<p>Les rapports de certification (audit et examen) donneront \u00e0 vos \u00e9tats financiers un degr\u00e9 de confiance appr\u00e9ci\u00e9 par vos partenaires, investisseurs et institutions financi\u00e8res.<\/p>\n<p>[\/et_pb_text][et_pb_image src=\u00a0\u00bbhttps:\/\/sjrcpa.ca\/wp-content\/uploads\/2021\/10\/fiancier.jpg\u00a0\u00bb title_text=\u00a0\u00bbfiancier\u00a0\u00bb align=\u00a0\u00bbcenter\u00a0\u00bb _builder_version=\u00a0\u00bb4.11.3&Prime; _module_preset=\u00a0\u00bbdefault\u00a0\u00bb animation_style=\u00a0\u00bbfade\u00a0\u00bb global_colors_info=\u00a0\u00bb{}\u00a0\u00bb][\/et_pb_image][et_pb_text _builder_version=\u00a0\u00bb4.11.3&Prime; _module_preset=\u00a0\u00bbdefault\u00a0\u00bb hover_enabled=\u00a0\u00bb0&Prime; global_colors_info=\u00a0\u00bb{}\u00a0\u00bb sticky_enabled=\u00a0\u00bb0&Prime;]<\/p>\n<h2>Services fiscaux<\/h2>\n<ul>\n<li>Taxes \u00e0 la consommation<\/li>\n<li>Planification fiscale<\/li>\n<\/ul>\n<p>&nbsp;<\/p>\n<h2>Nos diff\u00e9rents tarifs<\/h2>\n<ul>\n<li>D\u00e9clarations de revenus personnelles (forfaitaire de base + horaire pour le travail technique et\/ou administratif).<\/li>\n<li>Taux horaire technique et administratif<\/li>\n<li>Taux horaire encadrement de la tenue de livre<\/li>\n<li>Taux horaire professionnel<\/li>\n<\/ul>\n<p>[\/et_pb_text][\/et_pb_column][\/et_pb_row][et_pb_row _builder_version=\u00a0\u00bb4.11.3&Prime; _module_preset=\u00a0\u00bbdefault\u00a0\u00bb][et_pb_column _builder_version=\u00a0\u00bb4.11.3&Prime; _module_preset=\u00a0\u00bbdefault\u00a0\u00bb type=\u00a0\u00bb4_4&Prime;][et_pb_button button_text=\u00a0\u00bbVisiter notre page Facebook pour connaitre nos tarifs actuels\u00a0\u00bb _builder_version=\u00a0\u00bb4.11.3&Prime; _module_preset=\u00a0\u00bbdefault\u00a0\u00bb button_alignment=\u00a0\u00bbcenter\u00a0\u00bb background_layout=\u00a0\u00bbdark\u00a0\u00bb custom_button=\u00a0\u00bbon\u00a0\u00bb button_text_color=\u00a0\u00bb#FFFFFF\u00a0\u00bb button_bg_color=\u00a0\u00bb#43A0D9&Prime; button_bg_enable_color=\u00a0\u00bbon\u00a0\u00bb button_border_radius=\u00a0\u00bb60px\u00a0\u00bb button_border_color=\u00a0\u00bbRGBA(0,0,0,0)\u00a0\u00bb box_shadow_style=\u00a0\u00bbpreset2&Prime; hover_enabled=\u00a0\u00bb0&Prime; sticky_enabled=\u00a0\u00bb0&Prime; button_url=\u00a0\u00bbhttps:\/\/www.facebook.com\/sjrcpa\u00a0\u00bb url_new_window=\u00a0\u00bbon\u00a0\u00bb][\/et_pb_button][\/et_pb_column][\/et_pb_row][\/et_pb_section]<\/p>\n","protected":false},"excerpt":{"rendered":"<p>Nos services techniques et administratifs &nbsp; Service \u00ab\u00a0cl\u00e9 en main\u00a0\u00bb Mise sur pied d\u2019un plan comptables adapt\u00e9 \u00e0 votre situation, Tenue des livres informatis\u00e9e Suivis mensuels, trimestriels ou annuels Calcul et pr\u00e9paration de vos rapports de taxes \u00e0 la consommation Feuillets fiscaux et sommaires (T4, Rel 1, T5, Rel 3, etc.) Suivis avec les instances [&hellip;]<\/p>\n","protected":false},"author":1,"featured_media":0,"parent":0,"menu_order":0,"comment_status":"closed","ping_status":"closed","template":"","meta":{"_et_pb_use_builder":"on","_et_pb_old_content":"","_et_gb_content_width":"","footnotes":""},"class_list":["post-75","page","type-page","status-publish","hentry"],"_links":{"self":[{"href":"https:\/\/sjrcpa.ca\/index.php\/wp-json\/wp\/v2\/pages\/75","targetHints":{"allow":["GET"]}}],"collection":[{"href":"https:\/\/sjrcpa.ca\/index.php\/wp-json\/wp\/v2\/pages"}],"about":[{"href":"https:\/\/sjrcpa.ca\/index.php\/wp-json\/wp\/v2\/types\/page"}],"author":[{"embeddable":true,"href":"https:\/\/sjrcpa.ca\/index.php\/wp-json\/wp\/v2\/users\/1"}],"replies":[{"embeddable":true,"href":"https:\/\/sjrcpa.ca\/index.php\/wp-json\/wp\/v2\/comments?post=75"}],"version-history":[{"count":8,"href":"https:\/\/sjrcpa.ca\/index.php\/wp-json\/wp\/v2\/pages\/75\/revisions"}],"predecessor-version":[{"id":152,"href":"https:\/\/sjrcpa.ca\/index.php\/wp-json\/wp\/v2\/pages\/75\/revisions\/152"}],"wp:attachment":[{"href":"https:\/\/sjrcpa.ca\/index.php\/wp-json\/wp\/v2\/media?parent=75"}],"curies":[{"name":"wp","href":"https:\/\/api.w.org\/{rel}","templated":true}]}}