{"id":8,"date":"2021-10-13T10:54:59","date_gmt":"2021-10-13T14:54:59","guid":{"rendered":"https:\/\/sjrcpa.ca\/?page_id=8"},"modified":"2023-03-31T14:04:22","modified_gmt":"2023-03-31T18:04:22","slug":"accueil","status":"publish","type":"page","link":"https:\/\/sjrcpa.ca\/","title":{"rendered":"Accueil"},"content":{"rendered":"<p>[et_pb_section fb_built=\u00a0\u00bb1&Prime; module_id=\u00a0\u00bbaccueil\u00a0\u00bb _builder_version=\u00a0\u00bb4.16&Prime; _module_preset=\u00a0\u00bbdefault\u00a0\u00bb background_color=\u00a0\u00bbRGBA(0,0,0,0)\u00a0\u00bb background_color_gradient_direction=\u00a0\u00bb90deg\u00a0\u00bb background_image=\u00a0\u00bbhttps:\/\/sjrcpa.ca\/wp-content\/uploads\/2021\/11\/Facade-SJR-8b.jpg\u00a0\u00bb background_size=\u00a0\u00bbcontain\u00a0\u00bb background_position=\u00a0\u00bbtop_left\u00a0\u00bb custom_padding=\u00a0\u00bb||0px|||\u00a0\u00bb top_divider_style=\u00a0\u00bbwave2&Prime; top_divider_color=\u00a0\u00bb#731113&Prime; animation_style=\u00a0\u00bbfade\u00a0\u00bb background_last_edited=\u00a0\u00bbon|phone\u00a0\u00bb parallax_tablet=\u00a0\u00bboff\u00a0\u00bb background_size_tablet=\u00a0\u00bbcover\u00a0\u00bb background_position_tablet=\u00a0\u00bbtop_center\u00a0\u00bb background_blend_tablet=\u00a0\u00bbnormal\u00a0\u00bb global_colors_info=\u00a0\u00bb{}\u00a0\u00bb][et_pb_row column_structure=\u00a0\u00bb1_2,1_2&Prime; _builder_version=\u00a0\u00bb4.16&Prime; _module_preset=\u00a0\u00bbdefault\u00a0\u00bb background_enable_image=\u00a0\u00bboff\u00a0\u00bb global_colors_info=\u00a0\u00bb{}\u00a0\u00bb][et_pb_column type=\u00a0\u00bb1_2&Prime; _builder_version=\u00a0\u00bb4.16&Prime; _module_preset=\u00a0\u00bbdefault\u00a0\u00bb global_colors_info=\u00a0\u00bb{}\u00a0\u00bb][\/et_pb_column][et_pb_column type=\u00a0\u00bb1_2&Prime; _builder_version=\u00a0\u00bb4.16&Prime; _module_preset=\u00a0\u00bbdefault\u00a0\u00bb global_colors_info=\u00a0\u00bb{}\u00a0\u00bb][et_pb_text _builder_version=\u00a0\u00bb4.16&Prime; _module_preset=\u00a0\u00bbdefault\u00a0\u00bb header_text_color=\u00a0\u00bb#43A0D9&Prime; header_3_line_height=\u00a0\u00bb1.6em\u00a0\u00bb background_color=\u00a0\u00bb#FFFFFF\u00a0\u00bb custom_padding=\u00a0\u00bb20px|20px|20px|20px|false|false\u00a0\u00bb global_colors_info=\u00a0\u00bb{}\u00a0\u00bb]<\/p>\n<h1><span style=\"text-decoration: underline;\"><strong>NOS SERVICES<\/strong><\/span><\/h1>\n<p>&nbsp;<\/p>\n<h3>Imp\u00f4ts des particuliers<\/h3>\n<h3>Imp\u00f4ts des corporations (T2, CO17)<\/h3>\n<h3>Imp\u00f4ts des fiducies (T3, TP646)<\/h3>\n<h3>\u00c9tats financiers<\/h3>\n<h3>Services fiscaux<\/h3>\n<h3>Services techniques et administratifs<\/h3>\n<p>[\/et_pb_text][\/et_pb_column][\/et_pb_row][\/et_pb_section][et_pb_section fb_built=\u00a0\u00bb1&Prime; module_id=\u00a0\u00bbimpot\u00a0\u00bb _builder_version=\u00a0\u00bb4.16&Prime; _module_preset=\u00a0\u00bbdefault\u00a0\u00bb background_color=\u00a0\u00bbrgba(0,0,0,0.07)\u00a0\u00bb min_height=\u00a0\u00bb1072.8px\u00a0\u00bb custom_margin=\u00a0\u00bb0px||||false|false\u00a0\u00bb custom_padding=\u00a0\u00bb64px||||false|false\u00a0\u00bb top_divider_style=\u00a0\u00bbwave2&Prime; top_divider_color=\u00a0\u00bb#731113&Prime; top_divider_flip=\u00a0\u00bbhorizontal\u00a0\u00bb bottom_divider_style=\u00a0\u00bbcurve2&Prime; bottom_divider_color=\u00a0\u00bb#731113&Prime; global_colors_info=\u00a0\u00bb{}\u00a0\u00bb][et_pb_row column_structure=\u00a0\u00bb1_2,1_2&Prime; _builder_version=\u00a0\u00bb4.16&Prime; _module_preset=\u00a0\u00bbdefault\u00a0\u00bb global_colors_info=\u00a0\u00bb{}\u00a0\u00bb][et_pb_column type=\u00a0\u00bb1_2&Prime; _builder_version=\u00a0\u00bb4.16&Prime; _module_preset=\u00a0\u00bbdefault\u00a0\u00bb border_width_right=\u00a0\u00bb2px\u00a0\u00bb border_color_right=\u00a0\u00bb#731113&Prime; border_color_all_tablet=\u00a0\u00bbRGBA(0,0,0,0)\u00a0\u00bb border_color_all_phone=\u00a0\u00bb\u00a0\u00bb border_color_all_last_edited=\u00a0\u00bbon|desktop\u00a0\u00bb border_color_right_tablet=\u00a0\u00bbRGBA(0,0,0,0)\u00a0\u00bb border_color_right_phone=\u00a0\u00bb\u00a0\u00bb border_color_right_last_edited=\u00a0\u00bbon|phone\u00a0\u00bb global_colors_info=\u00a0\u00bb{}\u00a0\u00bb][et_pb_text _builder_version=\u00a0\u00bb4.16&Prime; _module_preset=\u00a0\u00bbdefault\u00a0\u00bb header_text_color=\u00a0\u00bb#43A0D9&Prime; custom_margin=\u00a0\u00bb|20px||20px|false|false\u00a0\u00bb animation_style=\u00a0\u00bbslide\u00a0\u00bb animation_direction=\u00a0\u00bbleft\u00a0\u00bb global_colors_info=\u00a0\u00bb{}\u00a0\u00bb]<\/p>\n<h1>Imp\u00f4ts des particuliers<\/h1>\n<p>&nbsp;<\/p>\n<h3>Salari\u00e9, \u00e9tudiant et retrait\u00e9 (Dossiers r\u00e9guliers)<\/h3>\n<p>Sachant que chaque dossier est unique, nous avons d\u00e9velopp\u00e9 une m\u00e9thode de travail rigoureuse qui nous permet de vous offrir un service personnalis\u00e9.\u00a0 Nous vous recevons sur rendez-vous et produisons vos d\u00e9clarations en votre pr\u00e9sence, ce qui nous permet de r\u00e9pondre \u00e0 toute vos questions, de nous assurer que vos d\u00e9clarations soient compl\u00e8tes, que tous les cr\u00e9dits et exemptions d\u2019imp\u00f4ts auxquels vous avez droit ont bien \u00e9t\u00e9 obtenus.<\/p>\n<p>Les d\u00e9clarations sont envoy\u00e9es \u00e9lectroniquement aux deux paliers de gouvernement et une copie imprim\u00e9e abr\u00e9g\u00e9e vous est remise.\u00a0 La version longue vous est envoy\u00e9e sur demande via courriel.<\/p>\n<p>Il est possible de convenir d\u2019un rendez-vous \u00e0 tout moment pendant l\u2019ann\u00e9e par t\u00e9l\u00e9phone.\u00a0 Lorsque vous faites partie de notre liste de clients, un courriel vous est envoy\u00e9 en cours d\u2019ann\u00e9e, via notre agenda, vous proposant une date similaire pour l\u2019ann\u00e9e suivante.\u00a0 Notre client\u00e8le \u00e9tablie est ainsi prioris\u00e9e.<\/p>\n<p>&nbsp;<\/p>\n<h3>Situations particuli\u00e8res *<\/h3>\n<ul>\n<li style=\"list-style-type: none;\">\n<ul>\n<li>Revenus d\u2019entreprise (travailleur autonome)<\/li>\n<li>Revenus de location<\/li>\n<li>D\u00e9penses d\u2019emploi (exig\u00e9es par l\u2019employeur)<\/li>\n<li>Revenus et ventes de placements<\/li>\n<li>Vente et achat de biens immobiliers<\/li>\n<li>Imp\u00f4t au d\u00e9c\u00e8s.<\/li>\n<\/ul>\n<\/li>\n<\/ul>\n<p>* Vu le volume de travail il est possible, mais <strong><u>peu fr\u00e9quent<\/u><\/strong>, que l\u2019approche \u00ab\u00a0sur place\u00a0\u00bb ne soit pas envisageable pour ce type de dossier.<\/p>\n<p>[\/et_pb_text][\/et_pb_column][et_pb_column type=\u00a0\u00bb1_2&Prime; _builder_version=\u00a0\u00bb4.16&Prime; _module_preset=\u00a0\u00bbdefault\u00a0\u00bb global_colors_info=\u00a0\u00bb{}\u00a0\u00bb][et_pb_text _builder_version=\u00a0\u00bb4.16&Prime; _module_preset=\u00a0\u00bbdefault\u00a0\u00bb header_text_color=\u00a0\u00bb#43A0D9&Prime; custom_margin=\u00a0\u00bb|20px||20px|false|false\u00a0\u00bb animation_style=\u00a0\u00bbslide\u00a0\u00bb animation_direction=\u00a0\u00bbright\u00a0\u00bb global_colors_info=\u00a0\u00bb{}\u00a0\u00bb]<\/p>\n<h1>Imp\u00f4ts des corporations (T2, CO17)<\/h1>\n<ul>\n<li>Optimisation de votre situation fiscale via\u00a0:\n<ul>\n<li>Salaire vs dividende,<\/li>\n<li>Fractionnement des revenus,<\/li>\n<li>Report des revenus,<\/li>\n<li>Application rigoureuse de tous les cr\u00e9dits et d\u00e9ductions.<\/li>\n<\/ul>\n<\/li>\n<\/ul>\n<h1>Imp\u00f4ts des fiducies (T3, TP646)<\/h1>\n<ul>\n<li>Optimisation de votre situation fiscale via\u00a0:\n<ul>\n<li>Fractionnement du revenu (Attribution ou non-attribution)<\/li>\n<li>Fiducies testamentaires et non-testamentaires<\/li>\n<li>Protection d\u2019actifs<\/li>\n<\/ul>\n<\/li>\n<\/ul>\n<p>[\/et_pb_text][et_pb_image src=\u00a0\u00bbhttps:\/\/sjrcpa.ca\/wp-content\/uploads\/2023\/03\/Accueilimage2.jpg\u00a0\u00bb title_text=\u00a0\u00bbAccueilimage2&Prime; _builder_version=\u00a0\u00bb4.20.2&Prime; _module_preset=\u00a0\u00bbdefault\u00a0\u00bb animation_style=\u00a0\u00bbfade\u00a0\u00bb border_width_top=\u00a0\u00bb2px\u00a0\u00bb border_color_top=\u00a0\u00bb#731113&Prime; border_width_left=\u00a0\u00bb2px\u00a0\u00bb border_color_left=\u00a0\u00bb#731113&Prime; box_shadow_style=\u00a0\u00bbpreset2&Prime; global_colors_info=\u00a0\u00bb{}\u00a0\u00bb][\/et_pb_image][\/et_pb_column][\/et_pb_row][\/et_pb_section]<\/p>\n","protected":false},"excerpt":{"rendered":"<p>NOS SERVICES &nbsp; Imp\u00f4ts des particuliers Imp\u00f4ts des corporations (T2, CO17) Imp\u00f4ts des fiducies (T3, TP646) \u00c9tats financiers Services fiscaux Services techniques et administratifsImp\u00f4ts des particuliers &nbsp; Salari\u00e9, \u00e9tudiant et retrait\u00e9 (Dossiers r\u00e9guliers) Sachant que chaque dossier est unique, nous avons d\u00e9velopp\u00e9 une m\u00e9thode de travail rigoureuse qui nous permet de vous offrir un service [&hellip;]<\/p>\n","protected":false},"author":1,"featured_media":0,"parent":0,"menu_order":0,"comment_status":"closed","ping_status":"closed","template":"","meta":{"_et_pb_use_builder":"on","_et_pb_old_content":"","_et_gb_content_width":"","footnotes":""},"class_list":["post-8","page","type-page","status-publish","hentry"],"_links":{"self":[{"href":"https:\/\/sjrcpa.ca\/index.php\/wp-json\/wp\/v2\/pages\/8","targetHints":{"allow":["GET"]}}],"collection":[{"href":"https:\/\/sjrcpa.ca\/index.php\/wp-json\/wp\/v2\/pages"}],"about":[{"href":"https:\/\/sjrcpa.ca\/index.php\/wp-json\/wp\/v2\/types\/page"}],"author":[{"embeddable":true,"href":"https:\/\/sjrcpa.ca\/index.php\/wp-json\/wp\/v2\/users\/1"}],"replies":[{"embeddable":true,"href":"https:\/\/sjrcpa.ca\/index.php\/wp-json\/wp\/v2\/comments?post=8"}],"version-history":[{"count":42,"href":"https:\/\/sjrcpa.ca\/index.php\/wp-json\/wp\/v2\/pages\/8\/revisions"}],"predecessor-version":[{"id":256,"href":"https:\/\/sjrcpa.ca\/index.php\/wp-json\/wp\/v2\/pages\/8\/revisions\/256"}],"wp:attachment":[{"href":"https:\/\/sjrcpa.ca\/index.php\/wp-json\/wp\/v2\/media?parent=8"}],"curies":[{"name":"wp","href":"https:\/\/api.w.org\/{rel}","templated":true}]}}